{"id":987,"date":"2019-01-08T11:34:25","date_gmt":"2019-01-08T11:34:25","guid":{"rendered":"http:\/\/xn--schtzenverein-weckhoven-epc.de\/?page_id=987"},"modified":"2019-01-08T11:48:59","modified_gmt":"2019-01-08T11:48:59","slug":"schuetzenkoenige","status":"publish","type":"page","link":"https:\/\/xn--schtzenverein-weckhoven-epc.de\/?page_id=987","title":{"rendered":"Sch\u00fctzenk\u00f6nige"},"content":{"rendered":"\n<h3 class=\"wp-block-heading\">1863 &#8211; 1896<\/h3>\n\n\n\n<table class=\"wp-block-table\"><tbody><tr><td>1863<\/td><td>&nbsp;Josef Winkels<\/td><\/tr><tr><td>1864<\/td><td>Peter Josef Bertram<\/td><\/tr><tr><td>1865<\/td><td>&nbsp;kein Sch\u00fctzenfest<\/td><\/tr><tr><td>1866<\/td><td>kein Sch\u00fctzenfes<\/td><\/tr><tr><td>1867<\/td><td>Heinrich Stelzmann<\/td><\/tr><tr><td>1868<\/td><td>Conrad Fischer<\/td><\/tr><tr><td>1869<\/td><td>Franz Hermes<\/td><\/tr><tr><td>1870<\/td><td>Michael Schr\u00f6der<\/td><\/tr><tr><td>1871-1876<\/td><td>kein Sch\u00fctzenfest<\/td><\/tr><tr><td>1877<\/td><td>unbekannt<\/td><\/tr><tr><td>1878<\/td><td>unbekannt<\/td><\/tr><tr><td>1879<\/td><td>Heinrich Fa\u00dfbender<\/td><\/tr><tr><td>1880<\/td><td>Heinrich Nover<\/td><\/tr><tr><td>1881<\/td><td>Martin L\u2019Honneux<\/td><\/tr><tr><td>1882<\/td><td>Bernhardt B\u00fcttgen<\/td><\/tr><tr><td>1883<\/td><td>Christian Schumacher<\/td><\/tr><tr><td>1884<\/td><td>Gerhard Conrads<\/td><\/tr><tr><td>1885<\/td><td>Hubert Dicken<\/td><\/tr><tr><td>1886<\/td><td>Johann Tieves<\/td><\/tr><tr><td>1887<\/td><td>Jakob Heubach<\/td><\/tr><tr><td>1888<\/td><td>Jakob Conrads<\/td><\/tr><tr><td>1889<\/td><td>Josef Vobis<\/td><\/tr><tr><td>1890<\/td><td>Heinrich Gustenhoven<\/td><\/tr><tr><td>1891<\/td><td>Servatius Neuhausen<\/td><\/tr><tr><td>1892<\/td><td>Jakob Conrads<\/td><\/tr><tr><td>1893<\/td><td>Johann Brems<\/td><\/tr><tr><td>1894<\/td><td>Heinrich K\u00fchn<\/td><\/tr><tr><td>1895<\/td><td>Clemens Bebber<\/td><\/tr><tr><td>1896<\/td><td>Peter Josef Meuter<\/td><\/tr><\/tbody><\/table>\n\n\n\n<p><a href=\"http:\/\/xn--schtzenverein-weckhoven-epc.de\/?page_id=989\">weiter zu 1897 &#8211; 1930<\/a><\/p>\n","protected":false},"excerpt":{"rendered":"<p>1863 &#8211; 1896 1863 &nbsp;Josef Winkels 1864 Peter Josef Bertram 1865 &nbsp;kein Sch\u00fctzenfest 1866 kein Sch\u00fctzenfes 1867 Heinrich Stelzmann 1868 Conrad Fischer 1869 Franz Hermes 1870 Michael Schr\u00f6der 1871-1876 kein Sch\u00fctzenfest 1877 unbekannt 1878 unbekannt 1879 Heinrich Fa\u00dfbender 1880 Heinrich Nover 1881 Martin L\u2019Honneux 1882 Bernhardt B\u00fcttgen 1883 Christian Schumacher 1884 Gerhard Conrads 1885 Hubert Dicken 1886 Johann Tieves 1887 Jakob Heubach 1888 Jakob Conrads 1889 Josef Vobis 1890 Heinrich Gustenhoven 1891 Servatius Neuhausen 1892 Jakob Conrads 1893 Johann Brems&#8230;<\/p>\n<p class=\"read-more\"><a class=\"btn btn-default\" href=\"https:\/\/xn--schtzenverein-weckhoven-epc.de\/?page_id=987\">Weiterlesen<span class=\"screen-reader-text\"> Weiterlesen<\/span><\/a><\/p>\n","protected":false},"author":2,"featured_media":0,"parent":67,"menu_order":1,"comment_status":"closed","ping_status":"closed","template":"","meta":{"_mc_calendar":[],"footnotes":""},"class_list":["post-987","page","type-page","status-publish","hentry"],"_links":{"self":[{"href":"https:\/\/xn--schtzenverein-weckhoven-epc.de\/index.php?rest_route=\/wp\/v2\/pages\/987","targetHints":{"allow":["GET"]}}],"collection":[{"href":"https:\/\/xn--schtzenverein-weckhoven-epc.de\/index.php?rest_route=\/wp\/v2\/pages"}],"about":[{"href":"https:\/\/xn--schtzenverein-weckhoven-epc.de\/index.php?rest_route=\/wp\/v2\/types\/page"}],"author":[{"embeddable":true,"href":"https:\/\/xn--schtzenverein-weckhoven-epc.de\/index.php?rest_route=\/wp\/v2\/users\/2"}],"replies":[{"embeddable":true,"href":"https:\/\/xn--schtzenverein-weckhoven-epc.de\/index.php?rest_route=%2Fwp%2Fv2%2Fcomments&post=987"}],"version-history":[{"count":2,"href":"https:\/\/xn--schtzenverein-weckhoven-epc.de\/index.php?rest_route=\/wp\/v2\/pages\/987\/revisions"}],"predecessor-version":[{"id":1000,"href":"https:\/\/xn--schtzenverein-weckhoven-epc.de\/index.php?rest_route=\/wp\/v2\/pages\/987\/revisions\/1000"}],"up":[{"embeddable":true,"href":"https:\/\/xn--schtzenverein-weckhoven-epc.de\/index.php?rest_route=\/wp\/v2\/pages\/67"}],"wp:attachment":[{"href":"https:\/\/xn--schtzenverein-weckhoven-epc.de\/index.php?rest_route=%2Fwp%2Fv2%2Fmedia&parent=987"}],"curies":[{"name":"wp","href":"https:\/\/api.w.org\/{rel}","templated":true}]}}