{"id":73,"date":"2016-04-20T17:48:33","date_gmt":"2016-04-20T17:48:33","guid":{"rendered":"http:\/\/xn--schtzenverein-weckhoven-epc.de\/?page_id=73"},"modified":"2018-06-18T16:16:42","modified_gmt":"2018-06-18T16:16:42","slug":"jugend","status":"publish","type":"page","link":"https:\/\/xn--schtzenverein-weckhoven-epc.de\/?page_id=73","title":{"rendered":"Jugend"},"content":{"rendered":"<p>Hier finden Sie die Listen der letzten Edelknabelk\u00f6nige, Sch\u00fclerprinzen und Jungsch\u00fctzenk\u00f6nige zum Download.<\/p>\n<p><a href=\"http:\/\/xn--schtzenverein-weckhoven-epc.de\/wp-content\/uploads\/2018\/06\/Sch\u00fctzenverein-Weckhoven-Auflistung-der-Edelknabenk\u00f6nige.xls\">Edelknabenk\u00f6nige<\/a><\/p>\n<p><a href=\"http:\/\/xn--schtzenverein-weckhoven-epc.de\/wp-content\/uploads\/2018\/06\/Sch\u00fctzenverein-Weckhoven-Auflistung-der-Sch\u00fclerprinzen.xls\">Sch\u00fclerk\u00f6nige<\/a><\/p>\n<p><a href=\"http:\/\/xn--schtzenverein-weckhoven-epc.de\/wp-content\/uploads\/2018\/06\/Sch\u00fctzenverein-Weckhoven-Auflistung-der-Jungsch\u00fctzenk\u00f6nige.xls\">Jungsch\u00fctzenk\u00f6nige<\/a><\/p>\n<p>&nbsp;<\/p>\n<div id='gallery-1' class='gallery galleryid-73 gallery-columns-3 gallery-size-medium'><figure class='gallery-item'>\n\t\t\t<div class='gallery-icon portrait'>\n\t\t\t\t<a href='https:\/\/xn--schtzenverein-weckhoven-epc.de\/wp-content\/uploads\/2018\/04\/Jermey-Knuth.jpg'><img loading=\"lazy\" decoding=\"async\" width=\"225\" height=\"300\" src=\"https:\/\/xn--schtzenverein-weckhoven-epc.de\/wp-content\/uploads\/2018\/04\/Jermey-Knuth-225x300.jpg\" class=\"attachment-medium size-medium\" alt=\"Jermey Knuth\" aria-describedby=\"gallery-1-774\" srcset=\"https:\/\/xn--schtzenverein-weckhoven-epc.de\/wp-content\/uploads\/2018\/04\/Jermey-Knuth-225x300.jpg 225w, https:\/\/xn--schtzenverein-weckhoven-epc.de\/wp-content\/uploads\/2018\/04\/Jermey-Knuth-768x1024.jpg 768w, https:\/\/xn--schtzenverein-weckhoven-epc.de\/wp-content\/uploads\/2018\/04\/Jermey-Knuth-203x270.jpg 203w\" sizes=\"auto, (max-width: 225px) 100vw, 225px\" \/><\/a>\n\t\t\t<\/div>\n\t\t\t\t<figcaption class='wp-caption-text gallery-caption' id='gallery-1-774'>\n\t\t\t\tEdelknabenk\u00f6nig Jermey Knuth\n\t\t\t\t<\/figcaption><\/figure><figure class='gallery-item'>\n\t\t\t<div class='gallery-icon portrait'>\n\t\t\t\t<a href='https:\/\/xn--schtzenverein-weckhoven-epc.de\/wp-content\/uploads\/2018\/05\/Sch\u00fclerk\u00f6nigin-Carolin-Beil.jpg'><img loading=\"lazy\" decoding=\"async\" width=\"225\" height=\"300\" src=\"https:\/\/xn--schtzenverein-weckhoven-epc.de\/wp-content\/uploads\/2018\/05\/Sch\u00fclerk\u00f6nigin-Carolin-Beil-225x300.jpg\" class=\"attachment-medium size-medium\" alt=\"Sch\u00fclerk\u00f6nigin Carolin Beil\" aria-describedby=\"gallery-1-839\" srcset=\"https:\/\/xn--schtzenverein-weckhoven-epc.de\/wp-content\/uploads\/2018\/05\/Sch\u00fclerk\u00f6nigin-Carolin-Beil-225x300.jpg 225w, https:\/\/xn--schtzenverein-weckhoven-epc.de\/wp-content\/uploads\/2018\/05\/Sch\u00fclerk\u00f6nigin-Carolin-Beil-768x1024.jpg 768w, https:\/\/xn--schtzenverein-weckhoven-epc.de\/wp-content\/uploads\/2018\/05\/Sch\u00fclerk\u00f6nigin-Carolin-Beil-203x270.jpg 203w\" sizes=\"auto, (max-width: 225px) 100vw, 225px\" \/><\/a>\n\t\t\t<\/div>\n\t\t\t\t<figcaption class='wp-caption-text gallery-caption' id='gallery-1-839'>\n\t\t\t\tSch\u00fclerk\u00f6nigin Carolin Beil\n\t\t\t\t<\/figcaption><\/figure><figure class='gallery-item'>\n\t\t\t<div class='gallery-icon portrait'>\n\t\t\t\t<a href='https:\/\/xn--schtzenverein-weckhoven-epc.de\/wp-content\/uploads\/2018\/05\/Jungsch\u00fctzenk\u00f6nig-Marco-B\u00f6lling.jpg'><img loading=\"lazy\" decoding=\"async\" width=\"225\" height=\"300\" src=\"https:\/\/xn--schtzenverein-weckhoven-epc.de\/wp-content\/uploads\/2018\/05\/Jungsch\u00fctzenk\u00f6nig-Marco-B\u00f6lling-225x300.jpg\" class=\"attachment-medium size-medium\" alt=\"\" aria-describedby=\"gallery-1-853\" srcset=\"https:\/\/xn--schtzenverein-weckhoven-epc.de\/wp-content\/uploads\/2018\/05\/Jungsch\u00fctzenk\u00f6nig-Marco-B\u00f6lling-225x300.jpg 225w, https:\/\/xn--schtzenverein-weckhoven-epc.de\/wp-content\/uploads\/2018\/05\/Jungsch\u00fctzenk\u00f6nig-Marco-B\u00f6lling-768x1024.jpg 768w, https:\/\/xn--schtzenverein-weckhoven-epc.de\/wp-content\/uploads\/2018\/05\/Jungsch\u00fctzenk\u00f6nig-Marco-B\u00f6lling-203x270.jpg 203w\" sizes=\"auto, (max-width: 225px) 100vw, 225px\" \/><\/a>\n\t\t\t<\/div>\n\t\t\t\t<figcaption class='wp-caption-text gallery-caption' id='gallery-1-853'>\n\t\t\t\tJungsch\u00fctzenk\u00f6nig Marco B\u00f6lling\n\t\t\t\t<\/figcaption><\/figure>\n\t\t<\/div>\n\n","protected":false},"excerpt":{"rendered":"<p>Hier finden Sie die Listen der letzten Edelknabelk\u00f6nige, Sch\u00fclerprinzen und Jungsch\u00fctzenk\u00f6nige zum Download. Edelknabenk\u00f6nige Sch\u00fclerk\u00f6nige Jungsch\u00fctzenk\u00f6nige &nbsp;<\/p>\n","protected":false},"author":2,"featured_media":0,"parent":21,"menu_order":5,"comment_status":"closed","ping_status":"closed","template":"","meta":{"_mc_calendar":[],"footnotes":""},"class_list":["post-73","page","type-page","status-publish","hentry"],"_links":{"self":[{"href":"https:\/\/xn--schtzenverein-weckhoven-epc.de\/index.php?rest_route=\/wp\/v2\/pages\/73","targetHints":{"allow":["GET"]}}],"collection":[{"href":"https:\/\/xn--schtzenverein-weckhoven-epc.de\/index.php?rest_route=\/wp\/v2\/pages"}],"about":[{"href":"https:\/\/xn--schtzenverein-weckhoven-epc.de\/index.php?rest_route=\/wp\/v2\/types\/page"}],"author":[{"embeddable":true,"href":"https:\/\/xn--schtzenverein-weckhoven-epc.de\/index.php?rest_route=\/wp\/v2\/users\/2"}],"replies":[{"embeddable":true,"href":"https:\/\/xn--schtzenverein-weckhoven-epc.de\/index.php?rest_route=%2Fwp%2Fv2%2Fcomments&post=73"}],"version-history":[{"count":4,"href":"https:\/\/xn--schtzenverein-weckhoven-epc.de\/index.php?rest_route=\/wp\/v2\/pages\/73\/revisions"}],"predecessor-version":[{"id":903,"href":"https:\/\/xn--schtzenverein-weckhoven-epc.de\/index.php?rest_route=\/wp\/v2\/pages\/73\/revisions\/903"}],"up":[{"embeddable":true,"href":"https:\/\/xn--schtzenverein-weckhoven-epc.de\/index.php?rest_route=\/wp\/v2\/pages\/21"}],"wp:attachment":[{"href":"https:\/\/xn--schtzenverein-weckhoven-epc.de\/index.php?rest_route=%2Fwp%2Fv2%2Fmedia&parent=73"}],"curies":[{"name":"wp","href":"https:\/\/api.w.org\/{rel}","templated":true}]}}