{"id":61,"date":"2016-04-20T17:46:34","date_gmt":"2016-04-20T17:46:34","guid":{"rendered":"http:\/\/xn--schtzenverein-weckhoven-epc.de\/?page_id=61"},"modified":"2023-03-24T15:55:31","modified_gmt":"2023-03-24T13:55:31","slug":"reitercorps","status":"publish","type":"page","link":"https:\/\/xn--schtzenverein-weckhoven-epc.de\/?page_id=61","title":{"rendered":"Reitercorps"},"content":{"rendered":"<p>Das Reitercorps Weckhoven wurde 1927 durch zehn junge M\u00e4nner <img loading=\"lazy\" decoding=\"async\" class=\"wp-image-95 size-medium alignright\" src=\"http:\/\/xn--schtzenverein-weckhoven-epc.de\/wp-content\/uploads\/2016\/04\/WappenRCW-296x300.jpg\" alt=\"Reitercorps\" width=\"296\" height=\"300\" srcset=\"https:\/\/xn--schtzenverein-weckhoven-epc.de\/wp-content\/uploads\/2016\/04\/WappenRCW-296x300.jpg 296w, https:\/\/xn--schtzenverein-weckhoven-epc.de\/wp-content\/uploads\/2016\/04\/WappenRCW.jpg 400w\" sizes=\"auto, (max-width: 296px) 100vw, 296px\" \/>gegr\u00fcndet, die privat, aber auch beruflich bedingt mit Pferden zu tun hatten. Sie fanden sich in einem Vereinsleben als Reitercorps \u201e Reitergeist\u201c zum Ringstechen und zu Ausritten zusammen und festigten ihre Vereinigung durch eine Standarte, welche im Kloster Kreitz aufwendig von Nonnen bestickt wurde.<br \/>\nBedingt durch den zweiten Weltkrieg musste das Vereinsleben jedoch zun\u00e4chst ruhen.<\/p>\n<p>Nach dem zweiten Weltkrieg rief Willi Hauser, seinerzeit P\u00e4chter von &#8222;Gut Neuh\u00f6fgen&#8220;, das Corps wieder ins Leben.<\/p>\n<p>Ihm ist es zu verdanken, dass nicht nur M\u00e4nner, sondern auch Frauen Mitglieder beim Reitercorps werden d\u00fcrfen. Er setzte durch, dass die Amazonen die vollen Rechte, aber auch Pflichten als Mitglied im Sch\u00fctzenverein genie\u00dfen. \u00a0Seit dem Jahr 2017 stellen sogar zwei Frauen die Spitze des Corps, als Reiterchefin (Kristina Zeiger) und Adjutantin (Birgit Spaar).<\/p>\n<p>Das Reitercorps Weckhoven besteht aus einer bunten Mischung von aktiven und passiven weiblichen und m\u00e4nnlichen Mitgliedern, deren Ziel es ist, das Weckhovener Sch\u00fctzenfest in seinen Traditionen zu unterst\u00fctzen, das Brauchtum aufrecht zu erhalten und vor allem jede Menge Spa\u00df an der Gemeinschaft zu haben. Alle Altersstufen sind dabei abgedeckt, vom erfahrensten Mitglied mit fast 70 Jahren bis zum Nachwuchs im Alter von elf Jahren.<br \/>\nWer an einer Mitgliedschaft interessiert ist, bekommt die M\u00f6glichkeit, f\u00fcr ein Jahr als Gast oder passives Mitglied an allen Aktivit\u00e4ten des Reitercorps teilzunehmen, um danach \u00fcber eine aktive Mitgliedschaft zu entscheiden. Die Aufnahme ins Reitercorps erfolgt stets nach einer Abstimmung aller aktiven Mitglieder.<br \/>\nZu den j\u00e4hrlichen Aktivit\u00e4ten geh\u00f6ren u.a. Ringstechen, gemeinsame Reitstunden, monatliche Versammlungen, der allj\u00e4hrliche Reitersiegerball am ersten Wochenende im M\u00e4rz, Teilnahme an Kr\u00f6nungsfeiern anderer Corps und nicht zuletzt das Sch\u00fctzenfest in Weckhoven.<\/p>\n","protected":false},"excerpt":{"rendered":"<p>Das Reitercorps Weckhoven wurde 1927 durch zehn junge M\u00e4nner gegr\u00fcndet, die privat, aber auch beruflich bedingt mit Pferden zu tun hatten. Sie fanden sich in einem Vereinsleben als Reitercorps \u201e Reitergeist\u201c zum Ringstechen und zu Ausritten zusammen und festigten ihre Vereinigung durch eine Standarte, welche im Kloster Kreitz aufwendig von Nonnen bestickt wurde. Bedingt durch den zweiten Weltkrieg musste das Vereinsleben jedoch zun\u00e4chst ruhen. Nach dem zweiten Weltkrieg rief Willi Hauser, seinerzeit P\u00e4chter von &#8222;Gut Neuh\u00f6fgen&#8220;, das Corps wieder ins&#8230;<\/p>\n<p class=\"read-more\"><a class=\"btn btn-default\" href=\"https:\/\/xn--schtzenverein-weckhoven-epc.de\/?page_id=61\">Weiterlesen<span class=\"screen-reader-text\"> Weiterlesen<\/span><\/a><\/p>\n","protected":false},"author":2,"featured_media":0,"parent":19,"menu_order":13,"comment_status":"closed","ping_status":"closed","template":"","meta":{"_mc_calendar":[],"footnotes":""},"class_list":["post-61","page","type-page","status-publish","hentry"],"_links":{"self":[{"href":"https:\/\/xn--schtzenverein-weckhoven-epc.de\/index.php?rest_route=\/wp\/v2\/pages\/61","targetHints":{"allow":["GET"]}}],"collection":[{"href":"https:\/\/xn--schtzenverein-weckhoven-epc.de\/index.php?rest_route=\/wp\/v2\/pages"}],"about":[{"href":"https:\/\/xn--schtzenverein-weckhoven-epc.de\/index.php?rest_route=\/wp\/v2\/types\/page"}],"author":[{"embeddable":true,"href":"https:\/\/xn--schtzenverein-weckhoven-epc.de\/index.php?rest_route=\/wp\/v2\/users\/2"}],"replies":[{"embeddable":true,"href":"https:\/\/xn--schtzenverein-weckhoven-epc.de\/index.php?rest_route=%2Fwp%2Fv2%2Fcomments&post=61"}],"version-history":[{"count":5,"href":"https:\/\/xn--schtzenverein-weckhoven-epc.de\/index.php?rest_route=\/wp\/v2\/pages\/61\/revisions"}],"predecessor-version":[{"id":1460,"href":"https:\/\/xn--schtzenverein-weckhoven-epc.de\/index.php?rest_route=\/wp\/v2\/pages\/61\/revisions\/1460"}],"up":[{"embeddable":true,"href":"https:\/\/xn--schtzenverein-weckhoven-epc.de\/index.php?rest_route=\/wp\/v2\/pages\/19"}],"wp:attachment":[{"href":"https:\/\/xn--schtzenverein-weckhoven-epc.de\/index.php?rest_route=%2Fwp%2Fv2%2Fmedia&parent=61"}],"curies":[{"name":"wp","href":"https:\/\/api.w.org\/{rel}","templated":true}]}}