{"id":59,"date":"2016-04-20T17:46:16","date_gmt":"2016-04-20T17:46:16","guid":{"rendered":"http:\/\/xn--schtzenverein-weckhoven-epc.de\/?page_id=59"},"modified":"2024-03-01T20:02:10","modified_gmt":"2024-03-01T18:02:10","slug":"artillerie","status":"publish","type":"page","link":"https:\/\/xn--schtzenverein-weckhoven-epc.de\/?page_id=59","title":{"rendered":"Artillerie"},"content":{"rendered":"<figure id=\"attachment_94\" aria-describedby=\"caption-attachment-94\" style=\"width: 209px\" class=\"wp-caption alignright\"><a href=\"http:\/\/xn--schtzenverein-weckhoven-epc.de\/wp-content\/uploads\/2016\/04\/WappenArtillerie.jpg\"><img loading=\"lazy\" decoding=\"async\" class=\"wp-image-94 size-medium\" src=\"http:\/\/xn--schtzenverein-weckhoven-epc.de\/wp-content\/uploads\/2016\/04\/WappenArtillerie-209x300.jpg\" alt=\"Artilleriecorps\" width=\"209\" height=\"300\" srcset=\"https:\/\/xn--schtzenverein-weckhoven-epc.de\/wp-content\/uploads\/2016\/04\/WappenArtillerie-209x300.jpg 209w, https:\/\/xn--schtzenverein-weckhoven-epc.de\/wp-content\/uploads\/2016\/04\/WappenArtillerie.jpg 400w\" sizes=\"auto, (max-width: 209px) 100vw, 209px\" \/><\/a><figcaption id=\"caption-attachment-94\" class=\"wp-caption-text\">\u00a0 \u00a0 \u00a0 \u00a0 \u00a0 Artilleriecorps<\/figcaption><\/figure>\n<p>Das Artilleriecorps Weckhoven wurde im Jahre 1987 gegr\u00fcndet. Als eines der kleineren und sehr kostspieligen Corps ist es nicht immer einfach neue Mitglieder zu erwerben. Dieses gilt besonders f\u00fcr junge Sch\u00fctzen. Gerade deswegen macht es uns stolz, dass wir eine gute Mischung zwischen Jung &amp; Alt in unserem Corps wieder finden. Wir als Verein legen sehr viel Wert auf das gemeinsame Miteinander auch au\u00dferhalb von Sch\u00fctzenfest. So treffen wir uns monatlich zur Versammlung, ermitteln einmal im Jahr unseren Artilleriesieger nebst Jungartilleriesieger und veranstalten mit unseren Ehrenmitgliedern und Passivmitgliedern eine Weihnachtsfeier.<\/p>\n<p>Zu unserem 25-j\u00e4hrigen Jubil\u00e4um im Jahre 2012 stellten wir mit Klaus &amp; Nadine Knuppertz das K\u00f6nigspaar im Regiment, sowie mit Marc Knuppertz den Jungsch\u00fctzenk\u00f6nig. Viele befreundete Artillerien konnten wir zu unserem Jubil\u00e4um begr\u00fc\u00dfen, die daf\u00fcr sorgten, dass wir mit 25 Berittenen, drei Kanonen und zwei Fanfarencorps durch die Stra\u00dfen von Weckhoven marschierten. 25 Jahre Artillerie Weckhoven, bedeuten auch 25 Jahre Karl-Willi Knuppertz als Major.<\/p>\n<p>Auf der Jahreshauptversammlung nach dem Sch\u00fctzenfest 2012, stellte Karl-Willi seinen Posten zur\u00a0 Verf\u00fcgung und gab das Amt des Majors in j\u00fcngere H\u00e4nde. Als neuen Major w\u00e4hlten die aktiven\u00a0 Mitglieder Klaus Knuppertz. Dieser f\u00fchrt bis heute das Corps an.<\/p>\n<p>Aus Dankbarkeit f\u00fcr seine Arbeit und seinen Einsatz ernannte wir Karl-Willi zum Ehrenmajor der Artillerie.<br \/>\nIm Jahre 2013 feierte das Regiment 150-j\u00e4hriges Jubil\u00e4um. Karl-Willi Knuppertz warf seinen Hut in den Ring und holte am Tag des Vogelschuss den Vogel von der Stange. So war Karl-Willi nicht nur Sch\u00fctzenk\u00f6nig im Jubil\u00e4umsjahr in Weckhoven, sondern l\u00f6ste auch gleichzeitig seinen Bruder Klaus als Sch\u00fctzenk\u00f6nig ab. Das gab es in der langen Historie noch nie.<\/p>\n<p>Thomas Reis und seine Frau Conny reisen seit 2012 jedes Jahr aus L\u00fcbeck zu uns nach Weckhoven, um Sch\u00fctzenfest zu feiern. Schon in den ersten Jahren kam der Wunsch auf, einmal Sch\u00fctzenk\u00f6nig in\u00a0 Weckhoven zu werden. Im Jahre 2018 erf\u00fcllten sich Thomas und Conny den Wunsch und wir stellten das dritte Mal in 6 Jahren den Regimentsk\u00f6nig. Auch im gesch\u00e4ftsf\u00fchrenden Vorstand ist die Artillerie aktiv unterwegs. So sind Karl-Willi Knuppertz als B\u00fchnenwart und Manuel Knuppertz als. 1 Schriftf\u00fchrer aktiv.<\/p>\n<p>Ein wichtiger Bestandteil in unserem Verein ist die Jugendarbeit. Den unerm\u00fcdlichen Einsatz von Karl-Willi und Klaus ist zu danken, dass wir derzeit 10 Jungartilleristen im Alter von 4 \u2013 17 Jahren haben und positiv in die Zukunft blicken k\u00f6nnen. Viele heutige Artilleristen sind aus der damaligen Jugend hervorgegangen.<\/p>\n<p>Unsere Jugend unterst\u00fctzt j\u00e4hrlich beim Auf- &amp; Abbau der Residenz des Kindergartenk\u00f6nig sowie als Begleitung zum Schutz der Kinder am Sch\u00fctzenfestsamstag beim Kindergartenumzug. Das Fundament aus einer guten Jugendarbeit und eine gesunde Mischung aus Alt und Jung l\u00e4sst uns positiv in die Zukunft blicken.<\/p>\n","protected":false},"excerpt":{"rendered":"<p>Das Artilleriecorps Weckhoven wurde im Jahre 1987 gegr\u00fcndet. Als eines der kleineren und sehr kostspieligen Corps ist es nicht immer einfach neue Mitglieder zu erwerben. Dieses gilt besonders f\u00fcr junge Sch\u00fctzen. Gerade deswegen macht es uns stolz, dass wir eine gute Mischung zwischen Jung &amp; Alt in unserem Corps wieder finden. Wir als Verein legen sehr viel Wert auf das gemeinsame Miteinander auch au\u00dferhalb von Sch\u00fctzenfest. So treffen wir uns monatlich zur Versammlung, ermitteln einmal im Jahr unseren Artilleriesieger nebst&#8230;<\/p>\n<p class=\"read-more\"><a class=\"btn btn-default\" href=\"https:\/\/xn--schtzenverein-weckhoven-epc.de\/?page_id=59\">Weiterlesen<span class=\"screen-reader-text\"> Weiterlesen<\/span><\/a><\/p>\n","protected":false},"author":2,"featured_media":0,"parent":19,"menu_order":12,"comment_status":"closed","ping_status":"closed","template":"","meta":{"_mc_calendar":[],"footnotes":""},"class_list":["post-59","page","type-page","status-publish","hentry"],"_links":{"self":[{"href":"https:\/\/xn--schtzenverein-weckhoven-epc.de\/index.php?rest_route=\/wp\/v2\/pages\/59","targetHints":{"allow":["GET"]}}],"collection":[{"href":"https:\/\/xn--schtzenverein-weckhoven-epc.de\/index.php?rest_route=\/wp\/v2\/pages"}],"about":[{"href":"https:\/\/xn--schtzenverein-weckhoven-epc.de\/index.php?rest_route=\/wp\/v2\/types\/page"}],"author":[{"embeddable":true,"href":"https:\/\/xn--schtzenverein-weckhoven-epc.de\/index.php?rest_route=\/wp\/v2\/users\/2"}],"replies":[{"embeddable":true,"href":"https:\/\/xn--schtzenverein-weckhoven-epc.de\/index.php?rest_route=%2Fwp%2Fv2%2Fcomments&post=59"}],"version-history":[{"count":4,"href":"https:\/\/xn--schtzenverein-weckhoven-epc.de\/index.php?rest_route=\/wp\/v2\/pages\/59\/revisions"}],"predecessor-version":[{"id":1532,"href":"https:\/\/xn--schtzenverein-weckhoven-epc.de\/index.php?rest_route=\/wp\/v2\/pages\/59\/revisions\/1532"}],"up":[{"embeddable":true,"href":"https:\/\/xn--schtzenverein-weckhoven-epc.de\/index.php?rest_route=\/wp\/v2\/pages\/19"}],"wp:attachment":[{"href":"https:\/\/xn--schtzenverein-weckhoven-epc.de\/index.php?rest_route=%2Fwp%2Fv2%2Fmedia&parent=59"}],"curies":[{"name":"wp","href":"https:\/\/api.w.org\/{rel}","templated":true}]}}