{"id":57,"date":"2016-04-20T17:46:01","date_gmt":"2016-04-20T17:46:01","guid":{"rendered":"http:\/\/xn--schtzenverein-weckhoven-epc.de\/?page_id=57"},"modified":"2024-03-10T12:19:28","modified_gmt":"2024-03-10T10:19:28","slug":"scheibenschuetzen","status":"publish","type":"page","link":"https:\/\/xn--schtzenverein-weckhoven-epc.de\/?page_id=57","title":{"rendered":"Scheibensch\u00fctzen"},"content":{"rendered":"<p><em>Die Scheibensch\u00fctzen stellen sich vor, oder was es bedeutet ein Scheibensch\u00fctze zu sein.<img loading=\"lazy\" decoding=\"async\" class=\"wp-image-1538 size-medium alignright\" src=\"http:\/\/xn--schtzenverein-weckhoven-epc.de\/wp-content\/uploads\/2024\/03\/Logo_Scheiben-277x300.jpg\" alt=\"\" width=\"277\" height=\"300\" srcset=\"https:\/\/xn--schtzenverein-weckhoven-epc.de\/wp-content\/uploads\/2024\/03\/Logo_Scheiben-277x300.jpg 277w, https:\/\/xn--schtzenverein-weckhoven-epc.de\/wp-content\/uploads\/2024\/03\/Logo_Scheiben-768x831.jpg 768w, https:\/\/xn--schtzenverein-weckhoven-epc.de\/wp-content\/uploads\/2024\/03\/Logo_Scheiben-249x270.jpg 249w, https:\/\/xn--schtzenverein-weckhoven-epc.de\/wp-content\/uploads\/2024\/03\/Logo_Scheiben.jpg 883w\" sizes=\"auto, (max-width: 277px) 100vw, 277px\" \/><\/em><\/p>\n<p>Gegr\u00fcndet wurden die Scheibensch\u00fctzen 1950, das hie\u00dft vor rund 70 Jahren oder kurz nach dem letzten Krieg.<\/p>\n<p>Nun wird niemand ernsthaft behaupten, dass die Gr\u00fcnderv\u00e4ter die heutigen Verh\u00e4ltnisse vorausgesehen h\u00e4tten. \u00dcber Handys wird genauso wenig jemand nachgedacht haben wie \u00fcber SMS, MMS, WhatsApp oder was es heute so alles gibt. Die Entwicklung in allen Technologiebereichen \u2013 ja selbst die Mondlandung war noch nicht einmal in greifbarer N\u00e4he \u2013 war weder in dem Ma\u00dfe noch in der Geschwindigkeit und Auspr\u00e4gung im Ansatz zu erfassen. Auch Kneipensterben und die gesellschaftliche Entwicklung zu einer Wohlstandgesellschaft wird man nicht erwartet, h\u00f6chsten erhofft haben.<\/p>\n<p>Was kann also die Gr\u00fcnder bewogen haben neben J\u00e4gern, Hubertussch\u00fctzen und Grenadiere ein neues junges Korps zu gr\u00fcnden?<\/p>\n<p>Hier sei der Hinweis erlaubt, dass die Farbe der Uniformen noch keine Rolle spielte und es auch \u2013 frei nach Felix Holte \u2013 bei der Rheinbahn noch keine grauen Uniformen gab. Meine erste Uniform hatte die gleiche Farbe und den gleichen Schnitt wie die heutigen Gildeuniformen und man konnte diese noch bei Hintzen in Korschenbroich leihen.<\/p>\n<p>Bevor wir abgleiten wenden wir uns wieder der Frage zu: Warum ein neues Korps?<\/p>\n<p>Als Nachkriegsgeneration beginnt hier ein spekulativer Ansatz. Die Menschen hatten nach der gr\u00f6\u00dften menschengemachten Katastrophe des letzten Jahrhunderts genug von Uniformen und von Paraden.<\/p>\n<p>Wonach stand Ihnen dann der Sinn und welche Motivation ist so wertbest\u00e4ndig, dass sie alle gesellschaftlichen, technischen und politischen Ver\u00e4nderungen \u00fcbersteht?<\/p>\n<p>Die Antwort ist vielschichtig, aber einige Antworten sind wichtig und sollten auch Anregung sein, Traditionen im besten Sinne aufrecht zu erhalten.<\/p>\n<p>Es ist unbestritten, dass jede Art von Uniform das Zugeh\u00f6rigkeitsgef\u00fchl verst\u00e4rken soll und dies auch tut.<\/p>\n<p>Darin liegt bereits ein Teil der Antwort auf unsere eingangs gestellte Frage. Die Gemeinsamkeit ist der Schl\u00fcssel f\u00fcr ein funktionierendes Gemeinwesen. Wenn die Scheibensch\u00fctzen aufmarschieren oder an der Parade teilnehmen, dann ist die Marschordnung von allen anderen Korps zu unterscheiden. Das einzige Kriterium in dieser Ordnung ist die K\u00f6rpergr\u00f6\u00dfe. Soziale Herkunft, Einkommen, Alter, Religion ja selbst die Zugzugeh\u00f6rigkeit wird in dieser Marschfolge aufgel\u00f6st.<\/p>\n<p>Best\u00e4ndig ist die Gemeinsamkeit, das Miteinander von Jung und Alt .Alle Kriterien, die im Alltagsleben ggf. wichtig sind spielen hierbei keine Rolle. Das macht es aus ein Scheibensch\u00fctze zu sein und dieser Grundgedanke l\u00e4sst sich, wenn alle sich daran erinnern \u2013 auch noch in eine f\u00fcr alle ungewisse Zukunft fortschreiben. Den Wert, den eine tolerante, verst\u00e4ndige Gemeinschaft ausmacht und uns Kraft gibt im Alltag zu bestehen, weil man etwas hat worauf man sich freuen kann.<\/p>\n<p>Nebenbei bemerkt gilt dies auch f\u00fcr die anderen Korps mit h\u00f6chstens kleinen Unterschieden.<\/p>\n<p>Wir danken den Gr\u00fcndern und allen die die hier entwickelten Gedanken und Werte tragen und in der Zukunft tragen werden.<\/p>\n<figure id=\"attachment_303\" aria-describedby=\"caption-attachment-303\" style=\"width: 584px\" class=\"wp-caption alignright\"><a href=\"http:\/\/xn--schtzenverein-weckhoven-epc.de\/wp-content\/uploads\/2016\/04\/05_07_Korps-Scheibensch\u00fctzen-01.jpg\"><img loading=\"lazy\" decoding=\"async\" class=\"size-large wp-image-303\" src=\"http:\/\/xn--schtzenverein-weckhoven-epc.de\/wp-content\/uploads\/2016\/04\/05_07_Korps-Scheibensch\u00fctzen-01-1024x730.jpg\" alt=\"Scheibensch\u00fctzen\" width=\"584\" height=\"416\" srcset=\"https:\/\/xn--schtzenverein-weckhoven-epc.de\/wp-content\/uploads\/2016\/04\/05_07_Korps-Scheibensch\u00fctzen-01-1024x730.jpg 1024w, https:\/\/xn--schtzenverein-weckhoven-epc.de\/wp-content\/uploads\/2016\/04\/05_07_Korps-Scheibensch\u00fctzen-01-300x214.jpg 300w, https:\/\/xn--schtzenverein-weckhoven-epc.de\/wp-content\/uploads\/2016\/04\/05_07_Korps-Scheibensch\u00fctzen-01-768x547.jpg 768w, https:\/\/xn--schtzenverein-weckhoven-epc.de\/wp-content\/uploads\/2016\/04\/05_07_Korps-Scheibensch\u00fctzen-01-421x300.jpg 421w\" sizes=\"auto, (max-width: 584px) 100vw, 584px\" \/><\/a><figcaption id=\"caption-attachment-303\" class=\"wp-caption-text\">Scheibensch\u00fctzen<\/figcaption><\/figure>\n\n\n<figure class=\"wp-block-image size-large\"><img loading=\"lazy\" decoding=\"async\" width=\"1024\" height=\"683\" src=\"https:\/\/xn--schtzenverein-weckhoven-epc.de\/wp-content\/uploads\/2024\/03\/Sch_2262-1024x683.jpg\" alt=\"\" class=\"wp-image-1539\" srcset=\"https:\/\/xn--schtzenverein-weckhoven-epc.de\/wp-content\/uploads\/2024\/03\/Sch_2262-1024x683.jpg 1024w, https:\/\/xn--schtzenverein-weckhoven-epc.de\/wp-content\/uploads\/2024\/03\/Sch_2262-300x200.jpg 300w, https:\/\/xn--schtzenverein-weckhoven-epc.de\/wp-content\/uploads\/2024\/03\/Sch_2262-768x512.jpg 768w, https:\/\/xn--schtzenverein-weckhoven-epc.de\/wp-content\/uploads\/2024\/03\/Sch_2262-1536x1024.jpg 1536w, https:\/\/xn--schtzenverein-weckhoven-epc.de\/wp-content\/uploads\/2024\/03\/Sch_2262-2048x1365.jpg 2048w, https:\/\/xn--schtzenverein-weckhoven-epc.de\/wp-content\/uploads\/2024\/03\/Sch_2262-405x270.jpg 405w\" sizes=\"auto, (max-width: 1024px) 100vw, 1024px\" \/><figcaption class=\"wp-element-caption\">Scheibensch\u00fctzen 2023<\/figcaption><\/figure>\n\n\n\n<p><\/p>\n","protected":false},"excerpt":{"rendered":"<p>Die Scheibensch\u00fctzen stellen sich vor, oder was es bedeutet ein Scheibensch\u00fctze zu sein. Gegr\u00fcndet wurden die Scheibensch\u00fctzen 1950, das hie\u00dft vor rund 70 Jahren oder kurz nach dem letzten Krieg. Nun wird niemand ernsthaft behaupten, dass die Gr\u00fcnderv\u00e4ter die heutigen Verh\u00e4ltnisse vorausgesehen h\u00e4tten. \u00dcber Handys wird genauso wenig jemand nachgedacht haben wie \u00fcber SMS, MMS, WhatsApp oder was es heute so alles gibt. Die Entwicklung in allen Technologiebereichen \u2013 ja selbst die Mondlandung war noch nicht einmal in greifbarer N\u00e4he&#8230;<\/p>\n<p class=\"read-more\"><a class=\"btn btn-default\" href=\"https:\/\/xn--schtzenverein-weckhoven-epc.de\/?page_id=57\">Weiterlesen<span class=\"screen-reader-text\"> Weiterlesen<\/span><\/a><\/p>\n","protected":false},"author":2,"featured_media":0,"parent":19,"menu_order":10,"comment_status":"closed","ping_status":"closed","template":"","meta":{"_mc_calendar":[],"footnotes":""},"class_list":["post-57","page","type-page","status-publish","hentry"],"_links":{"self":[{"href":"https:\/\/xn--schtzenverein-weckhoven-epc.de\/index.php?rest_route=\/wp\/v2\/pages\/57","targetHints":{"allow":["GET"]}}],"collection":[{"href":"https:\/\/xn--schtzenverein-weckhoven-epc.de\/index.php?rest_route=\/wp\/v2\/pages"}],"about":[{"href":"https:\/\/xn--schtzenverein-weckhoven-epc.de\/index.php?rest_route=\/wp\/v2\/types\/page"}],"author":[{"embeddable":true,"href":"https:\/\/xn--schtzenverein-weckhoven-epc.de\/index.php?rest_route=\/wp\/v2\/users\/2"}],"replies":[{"embeddable":true,"href":"https:\/\/xn--schtzenverein-weckhoven-epc.de\/index.php?rest_route=%2Fwp%2Fv2%2Fcomments&post=57"}],"version-history":[{"count":6,"href":"https:\/\/xn--schtzenverein-weckhoven-epc.de\/index.php?rest_route=\/wp\/v2\/pages\/57\/revisions"}],"predecessor-version":[{"id":1541,"href":"https:\/\/xn--schtzenverein-weckhoven-epc.de\/index.php?rest_route=\/wp\/v2\/pages\/57\/revisions\/1541"}],"up":[{"embeddable":true,"href":"https:\/\/xn--schtzenverein-weckhoven-epc.de\/index.php?rest_route=\/wp\/v2\/pages\/19"}],"wp:attachment":[{"href":"https:\/\/xn--schtzenverein-weckhoven-epc.de\/index.php?rest_route=%2Fwp%2Fv2%2Fmedia&parent=57"}],"curies":[{"name":"wp","href":"https:\/\/api.w.org\/{rel}","templated":true}]}}