{"id":53,"date":"2016-04-20T17:45:25","date_gmt":"2016-04-20T17:45:25","guid":{"rendered":"http:\/\/xn--schtzenverein-weckhoven-epc.de\/?page_id=53"},"modified":"2016-04-21T16:15:53","modified_gmt":"2016-04-21T16:15:53","slug":"st-hubertus-schuetzen","status":"publish","type":"page","link":"https:\/\/xn--schtzenverein-weckhoven-epc.de\/?page_id=53","title":{"rendered":"St. Hubertus Sch\u00fctzen"},"content":{"rendered":"<p>150 Jahre Sch\u00fctzenverein in Weckhoven, das erfreut alle, die diesen Ruf h\u00f6ren.<\/p>\n<figure id=\"attachment_96\" aria-describedby=\"caption-attachment-96\" style=\"width: 290px\" class=\"wp-caption alignright\"><a href=\"http:\/\/xn--schtzenverein-weckhoven-epc.de\/wp-content\/uploads\/2016\/04\/WappenHubertus.jpg\"><img loading=\"lazy\" decoding=\"async\" class=\"size-full wp-image-96\" src=\"http:\/\/xn--schtzenverein-weckhoven-epc.de\/wp-content\/uploads\/2016\/04\/WappenHubertus.jpg\" alt=\"St. Hubertus Sch\u00fctzen\" width=\"290\" height=\"289\" srcset=\"https:\/\/xn--schtzenverein-weckhoven-epc.de\/wp-content\/uploads\/2016\/04\/WappenHubertus.jpg 290w, https:\/\/xn--schtzenverein-weckhoven-epc.de\/wp-content\/uploads\/2016\/04\/WappenHubertus-150x150.jpg 150w\" sizes=\"auto, (max-width: 290px) 100vw, 290px\" \/><\/a><figcaption id=\"caption-attachment-96\" class=\"wp-caption-text\">St. Hubertus Sch\u00fctzen<\/figcaption><\/figure>\n<p>Auch wir, die Hubertus-Sch\u00fctzen, sind stolz, ein Bestandteil dieses Regiments zu sein. Unsere Mitgliedschaft w\u00e4hrt inzwischen 102 Jahre. Unser Dank geht an die M\u00e4nner, die 1911 unter schwierigen Bedingungen einen Hubertuszug gr\u00fcndeten. Obwohl in 2 Weltkriegen viele Sch\u00fctzenbr\u00fcder ihre Heimat nicht wieder sahen, Weltwirtschaftskrisen gro\u00dfe Not hervor riefen, standen immer wieder M\u00e4nner freundschaftlich zusammen, um das Sch\u00fctzenwesen neu zu beleben. Als 1949 wieder ein Sch\u00fctzenfest gefeiert wurde, versammelten sich auch die Hubertus-<\/p>\n<p>Sch\u00fctzen unter Ihrer Fahne und zogen durch den Ort. Es brauchte weitere 8 Jahre, um den ersten Hubertusmajor zu ernennen. Von dieser Zeit an wuchs Schwarz-Gr\u00fcn stetig und ist heute mit 11 Z\u00fcgen die gr\u00f6\u00dfte Formation im Sch\u00fctzenregiment von Weckhoven.<\/p>\n<p>Nicht nur in der Vergangenheit, auch heute in unserer schnelllebigen Zeit, sind es immer wieder Hubertus- Sch\u00fctzen, die mit Energie, Eigeninitiative, sowie mit ideellen und materiellen Mitteln zum Erhalt und zum Wachstum unserer Gemeinschaft beitragen. An dieser Stelle sagen wir \u201e Danke \u201e an jeden Einzelnen passiven und aktiven Hubertus-Sch\u00fctzen, die auch \u00fcber die Zuggemeinschaften hinweg f\u00fcr<\/p>\n<p>Zusammenhalt sorgen und sich den heutigen Aufgaben und Herausforderungen unseres stolzen Korps stellen.<\/p>\n<p>So sind es auch die weiteren H\u00f6hepunkte des Jahres, wie z.B. unser Korps -und K\u00f6nigs-Schie\u00dfen und unser Hubertusfest, dass sich seit mittlerweile 4 Jahren in<\/p>\n<p>eine erfolgreiche Hubertus-Gala zu Ehren unseres Korps-K\u00f6nigs gewandelt hat. Diese wird von unserem Festausschuss und unserem Vorstand vorz\u00fcglich organisiert. Weitere H\u00f6hepunkte \u00fcber das Sch\u00fctzenjahr hinweg sind die Kr\u00f6nungen der Zug-K\u00f6nige, Zugausfl\u00fcge, fr\u00f6hliche Grillabende, Schie\u00dfveranstaltungen, Weihnachtsfeiern, Kegeln und die sogenannten Taufen mit speziellen Aufgaben f\u00fcr die Aufnahme neuer Hubertus-Sch\u00fctzen &#8211; nat\u00fcrlich alles \u201ef\u00f6r de Spa\u00df an der Freud\u201c.<\/p>\n<p>Ein besonderer Dank gilt unseren Sch\u00fctzenfrauen, ohne deren Unterst\u00fctzung das Sch\u00fctzenfest und das gesamte Sch\u00fctzenjahr sicherlich an Pracht und \u201e Spa\u00df an der Freud \u201everlieren w\u00fcrde !<\/p>\n<p>Unser Gru\u00df geht auch an alle Sch\u00fctzenkameraden der anderen Korps und an die gesamte Weckhovener Bev\u00f6lkerung, die das Sch\u00fctzenfest mit uns am Stra\u00dfenrand und auf dem Festplatz feiern.<\/p>\n<figure id=\"attachment_294\" aria-describedby=\"caption-attachment-294\" style=\"width: 584px\" class=\"wp-caption alignright\"><a href=\"http:\/\/xn--schtzenverein-weckhoven-epc.de\/wp-content\/uploads\/2016\/04\/05_05_Korps-Hubertussch\u00fctzen-02.jpg\"><img loading=\"lazy\" decoding=\"async\" class=\"size-large wp-image-294\" src=\"http:\/\/xn--schtzenverein-weckhoven-epc.de\/wp-content\/uploads\/2016\/04\/05_05_Korps-Hubertussch\u00fctzen-02-1024x685.jpg\" alt=\"St. Hubertus Sch\u00fctzen\" width=\"584\" height=\"391\" srcset=\"https:\/\/xn--schtzenverein-weckhoven-epc.de\/wp-content\/uploads\/2016\/04\/05_05_Korps-Hubertussch\u00fctzen-02-1024x685.jpg 1024w, https:\/\/xn--schtzenverein-weckhoven-epc.de\/wp-content\/uploads\/2016\/04\/05_05_Korps-Hubertussch\u00fctzen-02-300x201.jpg 300w, https:\/\/xn--schtzenverein-weckhoven-epc.de\/wp-content\/uploads\/2016\/04\/05_05_Korps-Hubertussch\u00fctzen-02-768x513.jpg 768w, https:\/\/xn--schtzenverein-weckhoven-epc.de\/wp-content\/uploads\/2016\/04\/05_05_Korps-Hubertussch\u00fctzen-02-449x300.jpg 449w\" sizes=\"auto, (max-width: 584px) 100vw, 584px\" \/><\/a><figcaption id=\"caption-attachment-294\" class=\"wp-caption-text\">St. Hubertus Sch\u00fctzen<\/figcaption><\/figure>\n","protected":false},"excerpt":{"rendered":"<p>150 Jahre Sch\u00fctzenverein in Weckhoven, das erfreut alle, die diesen Ruf h\u00f6ren. Auch wir, die Hubertus-Sch\u00fctzen, sind stolz, ein Bestandteil dieses Regiments zu sein. Unsere Mitgliedschaft w\u00e4hrt inzwischen 102 Jahre. Unser Dank geht an die M\u00e4nner, die 1911 unter schwierigen Bedingungen einen Hubertuszug gr\u00fcndeten. Obwohl in 2 Weltkriegen viele Sch\u00fctzenbr\u00fcder ihre Heimat nicht wieder sahen, Weltwirtschaftskrisen gro\u00dfe Not hervor riefen, standen immer wieder M\u00e4nner freundschaftlich zusammen, um das Sch\u00fctzenwesen neu zu beleben. Als 1949 wieder ein Sch\u00fctzenfest gefeiert wurde, versammelten&#8230;<\/p>\n<p class=\"read-more\"><a class=\"btn btn-default\" href=\"https:\/\/xn--schtzenverein-weckhoven-epc.de\/?page_id=53\">Weiterlesen<span class=\"screen-reader-text\"> Weiterlesen<\/span><\/a><\/p>\n","protected":false},"author":2,"featured_media":0,"parent":19,"menu_order":8,"comment_status":"closed","ping_status":"closed","template":"","meta":{"_mc_calendar":[],"footnotes":""},"class_list":["post-53","page","type-page","status-publish","hentry"],"_links":{"self":[{"href":"https:\/\/xn--schtzenverein-weckhoven-epc.de\/index.php?rest_route=\/wp\/v2\/pages\/53","targetHints":{"allow":["GET"]}}],"collection":[{"href":"https:\/\/xn--schtzenverein-weckhoven-epc.de\/index.php?rest_route=\/wp\/v2\/pages"}],"about":[{"href":"https:\/\/xn--schtzenverein-weckhoven-epc.de\/index.php?rest_route=\/wp\/v2\/types\/page"}],"author":[{"embeddable":true,"href":"https:\/\/xn--schtzenverein-weckhoven-epc.de\/index.php?rest_route=\/wp\/v2\/users\/2"}],"replies":[{"embeddable":true,"href":"https:\/\/xn--schtzenverein-weckhoven-epc.de\/index.php?rest_route=%2Fwp%2Fv2%2Fcomments&post=53"}],"version-history":[{"count":3,"href":"https:\/\/xn--schtzenverein-weckhoven-epc.de\/index.php?rest_route=\/wp\/v2\/pages\/53\/revisions"}],"predecessor-version":[{"id":295,"href":"https:\/\/xn--schtzenverein-weckhoven-epc.de\/index.php?rest_route=\/wp\/v2\/pages\/53\/revisions\/295"}],"up":[{"embeddable":true,"href":"https:\/\/xn--schtzenverein-weckhoven-epc.de\/index.php?rest_route=\/wp\/v2\/pages\/19"}],"wp:attachment":[{"href":"https:\/\/xn--schtzenverein-weckhoven-epc.de\/index.php?rest_route=%2Fwp%2Fv2%2Fmedia&parent=53"}],"curies":[{"name":"wp","href":"https:\/\/api.w.org\/{rel}","templated":true}]}}