{"id":51,"date":"2016-04-20T17:45:05","date_gmt":"2016-04-20T17:45:05","guid":{"rendered":"http:\/\/xn--schtzenverein-weckhoven-epc.de\/?page_id=51"},"modified":"2019-03-15T16:00:25","modified_gmt":"2019-03-15T16:00:25","slug":"tambourcorps","status":"publish","type":"page","link":"https:\/\/xn--schtzenverein-weckhoven-epc.de\/?page_id=51","title":{"rendered":"Tambourcorps"},"content":{"rendered":"<figure id=\"attachment_97\" align=\"alignright\" width=\"280\"><a href=\"http:\/\/xn--schtzenverein-weckhoven-epc.de\/wp-content\/uploads\/2016\/04\/WapenTC.jpg\"><img loading=\"lazy\" decoding=\"async\" src=\"http:\/\/xn--schtzenverein-weckhoven-epc.de\/wp-content\/uploads\/2016\/04\/WapenTC-280x300.jpg\" height=\"300\" class=\"wp-image-97\" alt=\"Tambourcorps\" width=\"280\" srcset=\"https:\/\/xn--schtzenverein-weckhoven-epc.de\/wp-content\/uploads\/2016\/04\/WapenTC-280x300.jpg 280w, https:\/\/xn--schtzenverein-weckhoven-epc.de\/wp-content\/uploads\/2016\/04\/WapenTC.jpg 400w\" sizes=\"auto, (max-width: 280px) 100vw, 280px\" \/><\/a> Tambourcorps<\/figure>\n<p>Im Januar des Jahres 1927 ergriff Urban Granderath, der zu dieser Zeit noch im Tambourcorps Holzheim spielte, die Initiative in seinem Heimatort Weckhoven das Trommler und Pfeiffer &#8211; Corps neu zu gr\u00fcnden.<\/p>\n<p>Zu dieser Zeit war es in Weckhoven \u00fcblich, Bekanntmachungen die das d\u00f6rfliche Leben betrafen an einer, an einem Lindenbaum vor der Josefs- Kirche angebrachten, Anschlagtafel zu verk\u00fcnden. Am 14 Januar 1927 sollte in der Gastst\u00e4tte Wilhelm Engels, nach dem Hochamt, eine Gr\u00fcndungsversammlung stattfinden. Tage zuvor sprach U. Granderath mit seinen Freunden Bernhard Schr\u00f6der und Gerhard Jansen um ihnen den Vorschlag zur Gr\u00fcndung des Corps zu unterbreitete. Der erste Schritt zur Gr\u00fcndung des Vereins war getan. Jetzt war der Weg geebnet den heutigen Namen des Vereins zu benennen.<\/p>\n<p>\u201e Tambourcorps 1927 Neuss-Weckhoven \u201c<\/p>\n<p>Erster \u00f6ffentlicher Auftritt des Corps war im Jahr 1927 zum Sch\u00fctzenfest in Weckhoven. Zu dieser Zeit noch ohne Uniform. 1928 konnte man in eigener Uniform aufspielen. 1933 kam zum Heimatsch\u00fctzenfest noch das Neusser Sch\u00fctzenfest hinzu. 1952 spielte man zus\u00e4tzlich auch das Sch\u00fctzenfest in Reuschenberg. Der Zulauf jugendlicher Spielleute war so gro\u00df, dass man 1964 einen Jugendspielmannszug unter der Stabsf\u00fchrung von Friedel Schillings, ins Leben rief. Einige Jahre sp\u00e4ter, bedingt durch Ausscheiden \u00e4lterer Mitglieder, musste das Jugendcorps aufgel\u00f6st und in das Hauptcorps integriert werden.<\/p>\n<p>Verschiedene Jahre wurde in Holzheim zum Sch\u00fctzenfest aufgespielt, mit Unterbrechungen in Neuss sowie auf den Sch\u00fctzenfesten in Stessen \u2013 Bedburdyk. Seit 1974 geh\u00f6rt das Tambourcorps Neuss \u2013 Weckhoven wieder zum festen Bestandteil des Neusser \u2013 B\u00fcrgersch\u00fctzenfestes, dort wird beim Grenadiercorps aufspielend.<\/p>\n<p>Unter der Stabf\u00fchrung von Hubert Wirtz und dem 1. Vorsitzenden Toni Sandkaul feierte das Tambourcorps 1977 sein 50 j\u00e4hriges Jubil\u00e4um. Im Jubeljahr stellte das Tambourcorps auch den Sch\u00fctzenk\u00f6nig.<\/p>\n<p>Es war Peter Wisdorf der die K\u00f6nigsw\u00fcrde \u00fcbernahm. Zu unserem Festkommerz im Saale Engels konnten wir zahlreiche Ehreng\u00e4ste begr\u00fc\u00dfen. Mit Konzert und Umzug befreundeter Vereine gaben wir dem Fest einen w\u00fcrdigen Rahmen.<\/p>\n<p>Ab Mitte der siebziger Jahre, bedingt durch das Neusser Sch\u00fctzenfest, entwickelte sich eine feste Freundschaft zum Neusser Sappeurcorps. Durch diese Freundschaft gestalteten wir \u00fcber Jahre hinweg den Musikteil des nun schon traditionellen Fr\u00fchschoppen eine Woche vor dem Neusser Sch\u00fctzenfest, mit.<\/p>\n<p>Zu den H\u00f6hepunkten unseres Corpswesens geh\u00f6rte das Aufspielen im Neusser Zeughaus zum 150 j\u00e4hrigen Bestehen des Sappeurcorps Neuss.<\/p>\n<p>Im Jahr 1984 vertraten wir die Stadt Neuss zusammen mit dem Musikverein Holzheim und dem Neusser Sappeuren beim Trachtenumzug des M\u00fcnchener Oktoberfestes.<\/p>\n<p>1987 wurde das 60 j\u00e4hrige Bestehen des Tambourcorps gefeiert.<\/p>\n<p>Mit einem gro\u00dfen Showprogramm am Samstagabend gab man dem Jubelfest einen w\u00fcrdigen Rahmen. An diesem Abend wirkten verschiedene K\u00fcnstler aus Funk und Fernsehen mit. Der Sonntag stand dann ganz im Zeichen der geladenen G\u00e4sten.<\/p>\n<p>Es wurde zu einem musikalischen Fr\u00fchschoppen geladen, bei dem sich zahlreiche befreundete Tambourcorps, Fanfarencorps und Musikvereine ein Stelldichein gaben.<\/p>\n<p>Aus Anlass des 70 j\u00e4hrigen Bestehens des Tambourcorps stellten wir zum 2. Male den Sch\u00fctzenk\u00f6nig f\u00fcr Weckhoven. Es waren Renate und Toni Dicken.<\/p>\n<p>2002 wurde das 75 j\u00e4hrige Bestehen des Tambourcorps Weckhoven im Festzelt an der St. Paulus Kirche gefeiert. Aus diesem Anlass konnten wir unsere langj\u00e4hrigen Freunde das Trommler und Pfeifercorps Aachen &#8211; Brand und den Musikverein Uedem zu einem musikalischen Fr\u00fchschoppen begr\u00fc\u00dfen.<\/p>\n<p>Durch Verzicht der Gagen und zahlreichen Spenden, konnte wir der Aktion \u201eLuftballon\u201c des Lukaskrankenhauses eine Spende in H\u00f6he von 2.500,&#8211; Euro zukommen lassen.<\/p>\n<p>Im Jahr 2006 stellten wir erneut das Sch\u00fctzenk\u00f6nigspaar (Veronika und Hans-Peter Schillings)<\/p>\n<p>Tradition wird in unserem Corps GROSS geschrieben. In nunmehr 90 Jahren hatten wir folgende Majore:<\/p>\n<p>1927 bis 1933&nbsp;&nbsp;&nbsp;&nbsp;&nbsp;&nbsp;&nbsp;&nbsp;&nbsp;&nbsp;&nbsp;&nbsp; Gerhard Jansen<\/p>\n<p>1933 bis 1939&nbsp;&nbsp;&nbsp;&nbsp;&nbsp;&nbsp;&nbsp;&nbsp;&nbsp;&nbsp;&nbsp;&nbsp; Heinrich Schr\u00f6der<\/p>\n<p>1939 bis 1946&nbsp;&nbsp;&nbsp;&nbsp;&nbsp;&nbsp;&nbsp;&nbsp;&nbsp;&nbsp;&nbsp;&nbsp; Kriegspause<\/p>\n<p>1946 bis 1951&nbsp;&nbsp;&nbsp;&nbsp;&nbsp;&nbsp;&nbsp;&nbsp;&nbsp;&nbsp;&nbsp;&nbsp; Anton Schr\u00f6der<\/p>\n<p>1951 bis 1983&nbsp;&nbsp;&nbsp;&nbsp;&nbsp;&nbsp;&nbsp;&nbsp;&nbsp;&nbsp;&nbsp;&nbsp; Hubert Wirtz<\/p>\n<p>1983 bis 2009&nbsp; &nbsp; &nbsp; &nbsp; &nbsp; &nbsp;Friedel Schillings<\/p>\n<p>2009&nbsp; &nbsp; &nbsp; &nbsp; &nbsp; &nbsp; &nbsp; &nbsp; &nbsp; &nbsp; &nbsp; &nbsp; &nbsp; &nbsp; Helmut Dahmen<\/p>\n<p>Wir blicken mit Stolz auf 90 Jahre musikalischer Vergangenheit zur\u00fcck und freuen uns auf viele zuk\u00fcnftige Jahre. &nbsp;Daf\u00fcr ben\u00f6tigen wir immer wieder neue Spielleute.<\/p>\n<p>Haben wir jetzt auch dein Interesse geweckt, so hast du die M\u00f6glichkeit bei uns eine musikalische Ausbildung zum Hornisten, Tambour oder Lyraspieler zu absolvieren.<\/p>\n<p>Kontaktadresse: <a href=\"mailto:tcweckhoven@gmx.de\">tcweckhoven@gmx.de<\/a><\/p>\n<p>\u201eGut Schlag\u201c<\/p>\n<figure id=\"attachment_815\" align=\"alignleft\" width=\"640\"><a href=\"http:\/\/xn--schtzenverein-weckhoven-epc.de\/wp-content\/uploads\/2018\/04\/Gruppenfoto-TCW.jpg\"><img loading=\"lazy\" decoding=\"async\" src=\"http:\/\/xn--schtzenverein-weckhoven-epc.de\/wp-content\/uploads\/2018\/04\/Gruppenfoto-TCW-1024x487.jpg\" class=\"size-large wp-image-815\" width=\"640\" height=\"304\" alt=\"Gruppenfoto TCW\" srcset=\"https:\/\/xn--schtzenverein-weckhoven-epc.de\/wp-content\/uploads\/2018\/04\/Gruppenfoto-TCW-1024x487.jpg 1024w, https:\/\/xn--schtzenverein-weckhoven-epc.de\/wp-content\/uploads\/2018\/04\/Gruppenfoto-TCW-300x143.jpg 300w, https:\/\/xn--schtzenverein-weckhoven-epc.de\/wp-content\/uploads\/2018\/04\/Gruppenfoto-TCW-768x365.jpg 768w, https:\/\/xn--schtzenverein-weckhoven-epc.de\/wp-content\/uploads\/2018\/04\/Gruppenfoto-TCW-568x270.jpg 568w\" sizes=\"auto, (max-width: 640px) 100vw, 640px\" \/><\/a> Gruppenfoto TCW<\/figure>\n","protected":false},"excerpt":{"rendered":"<p>Tambourcorps Im Januar des Jahres 1927 ergriff Urban Granderath, der zu dieser Zeit noch im Tambourcorps Holzheim spielte, die Initiative in seinem Heimatort Weckhoven das Trommler und Pfeiffer &#8211; Corps neu zu gr\u00fcnden. Zu dieser Zeit war es in Weckhoven \u00fcblich, Bekanntmachungen die das d\u00f6rfliche Leben betrafen an einer, an einem Lindenbaum vor der Josefs- Kirche angebrachten, Anschlagtafel zu verk\u00fcnden. Am 14 Januar 1927 sollte in der Gastst\u00e4tte Wilhelm Engels, nach dem Hochamt, eine Gr\u00fcndungsversammlung stattfinden. Tage zuvor sprach U&#8230;.<\/p>\n<p class=\"read-more\"><a class=\"btn btn-default\" href=\"https:\/\/xn--schtzenverein-weckhoven-epc.de\/?page_id=51\">Weiterlesen<span class=\"screen-reader-text\"> Weiterlesen<\/span><\/a><\/p>\n","protected":false},"author":2,"featured_media":0,"parent":19,"menu_order":7,"comment_status":"closed","ping_status":"closed","template":"","meta":{"_mc_calendar":[],"footnotes":""},"class_list":["post-51","page","type-page","status-publish","hentry"],"_links":{"self":[{"href":"https:\/\/xn--schtzenverein-weckhoven-epc.de\/index.php?rest_route=\/wp\/v2\/pages\/51","targetHints":{"allow":["GET"]}}],"collection":[{"href":"https:\/\/xn--schtzenverein-weckhoven-epc.de\/index.php?rest_route=\/wp\/v2\/pages"}],"about":[{"href":"https:\/\/xn--schtzenverein-weckhoven-epc.de\/index.php?rest_route=\/wp\/v2\/types\/page"}],"author":[{"embeddable":true,"href":"https:\/\/xn--schtzenverein-weckhoven-epc.de\/index.php?rest_route=\/wp\/v2\/users\/2"}],"replies":[{"embeddable":true,"href":"https:\/\/xn--schtzenverein-weckhoven-epc.de\/index.php?rest_route=%2Fwp%2Fv2%2Fcomments&post=51"}],"version-history":[{"count":6,"href":"https:\/\/xn--schtzenverein-weckhoven-epc.de\/index.php?rest_route=\/wp\/v2\/pages\/51\/revisions"}],"predecessor-version":[{"id":1073,"href":"https:\/\/xn--schtzenverein-weckhoven-epc.de\/index.php?rest_route=\/wp\/v2\/pages\/51\/revisions\/1073"}],"up":[{"embeddable":true,"href":"https:\/\/xn--schtzenverein-weckhoven-epc.de\/index.php?rest_route=\/wp\/v2\/pages\/19"}],"wp:attachment":[{"href":"https:\/\/xn--schtzenverein-weckhoven-epc.de\/index.php?rest_route=%2Fwp%2Fv2%2Fmedia&parent=51"}],"curies":[{"name":"wp","href":"https:\/\/api.w.org\/{rel}","templated":true}]}}