{"id":49,"date":"2016-04-20T17:44:40","date_gmt":"2016-04-20T17:44:40","guid":{"rendered":"http:\/\/xn--schtzenverein-weckhoven-epc.de\/?page_id=49"},"modified":"2017-05-01T17:52:44","modified_gmt":"2017-05-01T17:52:44","slug":"jaeger","status":"publish","type":"page","link":"https:\/\/xn--schtzenverein-weckhoven-epc.de\/?page_id=49","title":{"rendered":"J\u00e4ger"},"content":{"rendered":"<p>139 Jahre besteht das J\u00e4gerkorps Weckhoven bereits und gestaltete in all den Jahren <img loading=\"lazy\" decoding=\"async\" class=\"wp-image-90 alignright\" src=\"http:\/\/xn--schtzenverein-weckhoven-epc.de\/wp-content\/uploads\/2016\/04\/WappenJ\u00e4ger.jpg\" alt=\"J\u00e4gerkorps\" width=\"230\" height=\"237\" \/>das Weckhovener Sch\u00fctzenbrauchtum und auch die Ortsgemeinschaft bedeutsam mit. Als eines der \u00e4ltesten und, dank seiner strahlenden Blumenh\u00f6rnern, auch buntesten Korps im Regiment, f\u00fchlen wir uns besonders dem Sch\u00fctzenfestsonntag mit der gro\u00dfen Parade verbunden. Beim Aufmarsch der H\u00f6nesse mit den Fahnenschwenkern des Regiments und gro\u00dfem Musikblock schl\u00e4gt das Herz der Zuschauer h\u00f6her und der Lindenplatz beweist, dass er zu den sch\u00f6nsten Paradenpl\u00e4tzen von Neuss z\u00e4hlt. Auch am Dienstagabend, wenn das K\u00f6nigspaar auf der B\u00fchne von den farbenpr\u00e4chtigen Blumenh\u00f6rnern eingerahmt wird, kann sich das Korps besonders auszeichnen.<\/p>\n<p>Dass wir es gerne Farbenfroh m\u00f6gen, zeigt sich schon im Fr\u00fchjahr, wenn die Karnevalszeit beginnt. Beim Kost\u00fcmball am Karnevalssamstag steht das fr\u00f6hliche Beisammensein der Dorfgemeinschaft bei Tanz und Schunkelmusik im Fokus. Je sp\u00e4ter der Abend wird, umso ausgelassener wird die Stimmung und der Ball verwandelt sich zu einer richtigen Party, bei der sich auf der Tanzfl\u00e4che kein freier Platz mehr findet. Als zus\u00e4tzliches Highlight wurde ein Kost\u00fcmwettbewerb ins Leben gerufen, bei dem sowohl das beste Einzel-, P\u00e4rchen- und auch Gruppenkost\u00fcm pr\u00e4miert werden. Der Einfallsreichtum aller G\u00e4ste sorgt f\u00fcr hervorragende Stimmung in toller Atmosph\u00e4re und so ist der Kost\u00fcmball die ideale Einstimmung f\u00fcr die n\u00e4rrischen Tage. Besonders freuen wir uns, dass auch sehr viele Nicht-Sch\u00fctzen unserer Einladung folgen und mitfeiern. Sie sind auch herzlich eingeladen.<\/p>\n<p>Seit vielen Jahren besteht eine intensive Partnerschaft zwischen dem J\u00e4gerkorps und dem Heinrich-Gr\u00fcber Haus. Bei unserem allj\u00e4hrlichen Besuch zu Sch\u00fctzenfest bringen wir mit Blasmusik und Fahnenwalzer die Sch\u00fctzenfeststimmung zu den Bewohnern. Auch das Sommerfest des Altenheims unterst\u00fctzen wir mit tatkr\u00e4ftiger Hilfe an Grill und Bierpavillon.<\/p>\n<p>Nun freuen wir uns gemeinsam mit den Weckhovenern das kommende Sch\u00fctzenfest zu feiern und Sie alle bei strahlendem Sonnenschein auf dem Lindenplatz oder entlang der Stra\u00dfen zu sehen und gerne nat\u00fcrlich auch im Festzelt.<\/p>\n<p><a href=\"http:\/\/xn--schtzenverein-weckhoven-epc.de\/wp-content\/uploads\/2016\/04\/05_04_Korps-J\u00e4ger_J\u00e4gerkorps-01.jpg\"><img loading=\"lazy\" decoding=\"async\" class=\"alignnone wp-image-287 size-large\" src=\"http:\/\/xn--schtzenverein-weckhoven-epc.de\/wp-content\/uploads\/2016\/04\/05_04_Korps-J\u00e4ger_J\u00e4gerkorps-01-1024x683.jpg\" alt=\"05_04_Korps - J\u00e4ger_J\u00e4gerkorps - 01\" width=\"584\" height=\"390\" srcset=\"https:\/\/xn--schtzenverein-weckhoven-epc.de\/wp-content\/uploads\/2016\/04\/05_04_Korps-J\u00e4ger_J\u00e4gerkorps-01-1024x683.jpg 1024w, https:\/\/xn--schtzenverein-weckhoven-epc.de\/wp-content\/uploads\/2016\/04\/05_04_Korps-J\u00e4ger_J\u00e4gerkorps-01-300x200.jpg 300w, https:\/\/xn--schtzenverein-weckhoven-epc.de\/wp-content\/uploads\/2016\/04\/05_04_Korps-J\u00e4ger_J\u00e4gerkorps-01-768x512.jpg 768w, https:\/\/xn--schtzenverein-weckhoven-epc.de\/wp-content\/uploads\/2016\/04\/05_04_Korps-J\u00e4ger_J\u00e4gerkorps-01-450x300.jpg 450w\" sizes=\"auto, (max-width: 584px) 100vw, 584px\" \/><\/a>J\u00e4gerkorps<\/p>\n<div class=\"mceTemp\"><\/div>\n","protected":false},"excerpt":{"rendered":"<p>139 Jahre besteht das J\u00e4gerkorps Weckhoven bereits und gestaltete in all den Jahren das Weckhovener Sch\u00fctzenbrauchtum und auch die Ortsgemeinschaft bedeutsam mit. Als eines der \u00e4ltesten und, dank seiner strahlenden Blumenh\u00f6rnern, auch buntesten Korps im Regiment, f\u00fchlen wir uns besonders dem Sch\u00fctzenfestsonntag mit der gro\u00dfen Parade verbunden. Beim Aufmarsch der H\u00f6nesse mit den Fahnenschwenkern des Regiments und gro\u00dfem Musikblock schl\u00e4gt das Herz der Zuschauer h\u00f6her und der Lindenplatz beweist, dass er zu den sch\u00f6nsten Paradenpl\u00e4tzen von Neuss z\u00e4hlt. Auch am&#8230;<\/p>\n<p class=\"read-more\"><a class=\"btn btn-default\" href=\"https:\/\/xn--schtzenverein-weckhoven-epc.de\/?page_id=49\">Weiterlesen<span class=\"screen-reader-text\"> Weiterlesen<\/span><\/a><\/p>\n","protected":false},"author":2,"featured_media":0,"parent":19,"menu_order":6,"comment_status":"closed","ping_status":"closed","template":"","meta":{"_mc_calendar":[],"footnotes":""},"class_list":["post-49","page","type-page","status-publish","hentry"],"_links":{"self":[{"href":"https:\/\/xn--schtzenverein-weckhoven-epc.de\/index.php?rest_route=\/wp\/v2\/pages\/49","targetHints":{"allow":["GET"]}}],"collection":[{"href":"https:\/\/xn--schtzenverein-weckhoven-epc.de\/index.php?rest_route=\/wp\/v2\/pages"}],"about":[{"href":"https:\/\/xn--schtzenverein-weckhoven-epc.de\/index.php?rest_route=\/wp\/v2\/types\/page"}],"author":[{"embeddable":true,"href":"https:\/\/xn--schtzenverein-weckhoven-epc.de\/index.php?rest_route=\/wp\/v2\/users\/2"}],"replies":[{"embeddable":true,"href":"https:\/\/xn--schtzenverein-weckhoven-epc.de\/index.php?rest_route=%2Fwp%2Fv2%2Fcomments&post=49"}],"version-history":[{"count":5,"href":"https:\/\/xn--schtzenverein-weckhoven-epc.de\/index.php?rest_route=\/wp\/v2\/pages\/49\/revisions"}],"predecessor-version":[{"id":520,"href":"https:\/\/xn--schtzenverein-weckhoven-epc.de\/index.php?rest_route=\/wp\/v2\/pages\/49\/revisions\/520"}],"up":[{"embeddable":true,"href":"https:\/\/xn--schtzenverein-weckhoven-epc.de\/index.php?rest_route=\/wp\/v2\/pages\/19"}],"wp:attachment":[{"href":"https:\/\/xn--schtzenverein-weckhoven-epc.de\/index.php?rest_route=%2Fwp%2Fv2%2Fmedia&parent=49"}],"curies":[{"name":"wp","href":"https:\/\/api.w.org\/{rel}","templated":true}]}}