{"id":45,"date":"2016-04-20T17:43:29","date_gmt":"2016-04-20T17:43:29","guid":{"rendered":"http:\/\/xn--schtzenverein-weckhoven-epc.de\/?page_id=45"},"modified":"2016-04-21T15:16:40","modified_gmt":"2016-04-21T15:16:40","slug":"edelknaben","status":"publish","type":"page","link":"https:\/\/xn--schtzenverein-weckhoven-epc.de\/?page_id=45","title":{"rendered":"Edelknaben"},"content":{"rendered":"<p>Das Edelknabencorps stellt sich vor:<\/p>\n<figure id=\"attachment_274\" aria-describedby=\"caption-attachment-274\" style=\"width: 209px\" class=\"wp-caption alignright\"><a href=\"http:\/\/xn--schtzenverein-weckhoven-epc.de\/wp-content\/uploads\/2016\/04\/WappenEdelknaben-1.jpg\"><img loading=\"lazy\" decoding=\"async\" class=\" wp-image-274\" src=\"http:\/\/xn--schtzenverein-weckhoven-epc.de\/wp-content\/uploads\/2016\/04\/WappenEdelknaben-1-298x300.jpg\" alt=\"Wappen Edelknaben\" width=\"209\" height=\"210\" srcset=\"https:\/\/xn--schtzenverein-weckhoven-epc.de\/wp-content\/uploads\/2016\/04\/WappenEdelknaben-1-298x300.jpg 298w, https:\/\/xn--schtzenverein-weckhoven-epc.de\/wp-content\/uploads\/2016\/04\/WappenEdelknaben-1-150x150.jpg 150w, https:\/\/xn--schtzenverein-weckhoven-epc.de\/wp-content\/uploads\/2016\/04\/WappenEdelknaben-1.jpg 400w\" sizes=\"auto, (max-width: 209px) 100vw, 209px\" \/><\/a><figcaption id=\"caption-attachment-274\" class=\"wp-caption-text\">Wappen Edelknaben<\/figcaption><\/figure>\n<p>Das Edelknabencorps von Weckhoven wurde im Jahr 1950 gegr\u00fcndet. W\u00e4hrend die Edelknaben zu Beginn stets in Kommunionsanz\u00fcgen \u00fcber den Lindenplatz liefen, sodass ihre Mitgliedschaft auf 1-3 Jahre beschr\u00e4nkt war, wurden in den sp\u00e4teren Jahren einige Anz\u00fcge und Kappen angeschafft. So ist es heute m\u00f6glich, dass ein Edelknabe l\u00e4ngere Zeit im Corps bleibt.<\/p>\n<p>Manuel Spicker wurde 2002 mit einer Ehrenmedaille f\u00fcr 10 Jahre Edelnabenzugeh\u00f6rigkeit ausgezeichnet.<\/p>\n<p>Von 1950 bis heute hatte das Edelknabencorps 13 Betreuer, die sich f\u00fcr das Corps engagiert haben, u. a. Hans Tillmann von 1954-1963, Willi Jansen von 1973-1986 und Horst-Dieter Dahmen, der von 1985-2000 t\u00e4tig war.<\/p>\n<p>Seit 1952 werden jeweils im Fr\u00fchjahr ein Edelknabenk\u00f6nig und seine 4 Ritter ermittelt. Nach einem stets spannenden Wettkampf entweder per Armbrustschie\u00dfen, Dartspiel oder Gl\u00fccksrad steht der jeweilige K\u00f6nig fest. Stolz zieht er dann zum Sch\u00fctzenfest mit der K\u00f6nigskette begleitet von seinen 4 Rittern \u00fcber den Lindenplatz.<\/p>\n<p>1994 stellte das Corps unter der Leitung von Lorenz Ganser einen neuen Rekord auf: 35 Edelknaben zogen zum Sch\u00fctzenfest auf.<\/p>\n<p>Im September findet die Edelknabenkr\u00f6nung statt, wo der K\u00f6nig und sein Ritter geehrt werden und einen Pokal erhalten. In geselliger Runde mit Edelknaben, deren Familien, dem Sch\u00fctzenvorstand und Sch\u00fctzen verschiedener Corps wird bei Kuchen, Tombola, musikalischer Unterhaltung und Spielen f\u00fcr alle Kinder ein unterhaltsamer Nachmittag verbracht.<\/p>\n<p>Im Laufe der Jahre wurde dank Unterst\u00fctzung vieler passiver Mitglieder und Einzelspenden von Sch\u00fctzencorps und Privatpersonen 2 Corpsfahnen, Edelknabenuniformen mit Kappen und Sch\u00e4rpen, Degen und 2 K\u00f6nigsketten angeschafft.<\/p>\n<p>Au\u00dferdem finden dank F\u00f6rderern und einem geringen Mitgliedsbeitrag der Edelknaben einige Veranstaltungen statt, wie z. B. Tagesausfl\u00fcge zur BuGa Gelsenkirchen, zum Movie Park Bottrop oder zum Fu\u00dfballspiel.<\/p>\n<p>Alle 2 Jahre veranstaltet das Korps eine Fahrt in eine Jugendherberge und im Dezember gibt es das Nikolauskegeln.<\/p>\n<p>Jeweils im 2 Jahres-Rhythmus findet ein Fu\u00dfballturnier der Edelknaben aus allen Neusser Stadtteilen statt. Hier tritt Corps gegen Corps an, um den Willi-Pergens Wanderpokal zu erringen. Der Gewinner ist dann auch Ausrichter des n\u00e4chsten Turniers.<\/p>\n<figure id=\"attachment_272\" aria-describedby=\"caption-attachment-272\" style=\"width: 660px\" class=\"wp-caption alignright\"><a href=\"http:\/\/xn--schtzenverein-weckhoven-epc.de\/wp-content\/uploads\/2016\/04\/05_08_Korps-Edelknaben-02.jpg\"><img loading=\"lazy\" decoding=\"async\" class=\"size-full wp-image-272\" src=\"http:\/\/xn--schtzenverein-weckhoven-epc.de\/wp-content\/uploads\/2016\/04\/05_08_Korps-Edelknaben-02.jpg\" alt=\"Edelknaben\" width=\"660\" height=\"495\" srcset=\"https:\/\/xn--schtzenverein-weckhoven-epc.de\/wp-content\/uploads\/2016\/04\/05_08_Korps-Edelknaben-02.jpg 660w, https:\/\/xn--schtzenverein-weckhoven-epc.de\/wp-content\/uploads\/2016\/04\/05_08_Korps-Edelknaben-02-300x225.jpg 300w, https:\/\/xn--schtzenverein-weckhoven-epc.de\/wp-content\/uploads\/2016\/04\/05_08_Korps-Edelknaben-02-400x300.jpg 400w\" sizes=\"auto, (max-width: 660px) 100vw, 660px\" \/><\/a><figcaption id=\"caption-attachment-272\" class=\"wp-caption-text\">Edelknaben<\/figcaption><\/figure>\n","protected":false},"excerpt":{"rendered":"<p>Das Edelknabencorps stellt sich vor: Das Edelknabencorps von Weckhoven wurde im Jahr 1950 gegr\u00fcndet. W\u00e4hrend die Edelknaben zu Beginn stets in Kommunionsanz\u00fcgen \u00fcber den Lindenplatz liefen, sodass ihre Mitgliedschaft auf 1-3 Jahre beschr\u00e4nkt war, wurden in den sp\u00e4teren Jahren einige Anz\u00fcge und Kappen angeschafft. So ist es heute m\u00f6glich, dass ein Edelknabe l\u00e4ngere Zeit im Corps bleibt. Manuel Spicker wurde 2002 mit einer Ehrenmedaille f\u00fcr 10 Jahre Edelnabenzugeh\u00f6rigkeit ausgezeichnet. Von 1950 bis heute hatte das Edelknabencorps 13 Betreuer, die sich&#8230;<\/p>\n<p class=\"read-more\"><a class=\"btn btn-default\" href=\"https:\/\/xn--schtzenverein-weckhoven-epc.de\/?page_id=45\">Weiterlesen<span class=\"screen-reader-text\"> Weiterlesen<\/span><\/a><\/p>\n","protected":false},"author":2,"featured_media":0,"parent":19,"menu_order":4,"comment_status":"closed","ping_status":"closed","template":"","meta":{"_mc_calendar":[],"footnotes":""},"class_list":["post-45","page","type-page","status-publish","hentry"],"_links":{"self":[{"href":"https:\/\/xn--schtzenverein-weckhoven-epc.de\/index.php?rest_route=\/wp\/v2\/pages\/45","targetHints":{"allow":["GET"]}}],"collection":[{"href":"https:\/\/xn--schtzenverein-weckhoven-epc.de\/index.php?rest_route=\/wp\/v2\/pages"}],"about":[{"href":"https:\/\/xn--schtzenverein-weckhoven-epc.de\/index.php?rest_route=\/wp\/v2\/types\/page"}],"author":[{"embeddable":true,"href":"https:\/\/xn--schtzenverein-weckhoven-epc.de\/index.php?rest_route=\/wp\/v2\/users\/2"}],"replies":[{"embeddable":true,"href":"https:\/\/xn--schtzenverein-weckhoven-epc.de\/index.php?rest_route=%2Fwp%2Fv2%2Fcomments&post=45"}],"version-history":[{"count":3,"href":"https:\/\/xn--schtzenverein-weckhoven-epc.de\/index.php?rest_route=\/wp\/v2\/pages\/45\/revisions"}],"predecessor-version":[{"id":275,"href":"https:\/\/xn--schtzenverein-weckhoven-epc.de\/index.php?rest_route=\/wp\/v2\/pages\/45\/revisions\/275"}],"up":[{"embeddable":true,"href":"https:\/\/xn--schtzenverein-weckhoven-epc.de\/index.php?rest_route=\/wp\/v2\/pages\/19"}],"wp:attachment":[{"href":"https:\/\/xn--schtzenverein-weckhoven-epc.de\/index.php?rest_route=%2Fwp%2Fv2%2Fmedia&parent=45"}],"curies":[{"name":"wp","href":"https:\/\/api.w.org\/{rel}","templated":true}]}}